{"id":2462,"date":"2025-05-12T14:13:48","date_gmt":"2025-05-12T12:13:48","guid":{"rendered":"https:\/\/maskon.no\/soporte-maskon\/"},"modified":"2025-06-17T12:59:01","modified_gmt":"2025-06-17T10:59:01","slug":"soporte-maskon","status":"publish","type":"page","link":"https:\/\/maskon.no\/es\/soporte-maskon\/","title":{"rendered":"Soporte Maskon"},"content":{"rendered":"\n<p><strong>Pol\u00edtica de privacidad<\/strong><\/p>\n\n<p>Esta pol\u00edtica de privacidad se aplica a la aplicaci\u00f3n Maskon Support (en adelante, \u00abAplicaci\u00f3n\u00bb) para dispositivos m\u00f3viles, creada por Maskon AS (en adelante, \u00abProveedor del Servicio\u00bb). Este servicio se ofrece tal cual (\u00abTAL CUAL\u00bb).<br\/><strong>Recopilaci\u00f3n y uso de la informaci\u00f3n<\/strong><\/p>\n\n<p>La Aplicaci\u00f3n no recopila informaci\u00f3n precisa sobre la ubicaci\u00f3n de su dispositivo m\u00f3vil.<br\/><br\/><strong>Seguridad<\/strong><\/p>\n\n<p>El Proveedor del Servicio se preocupa por proteger la confidencialidad de su informaci\u00f3n. El Proveedor del Servicio ofrece medidas de seguridad f\u00edsicas, electr\u00f3nicas y procedimentales para proteger la informaci\u00f3n que procesa y mantiene.<\/p>\n\n<p><strong>Cambios<\/strong><\/p>\n\n<p>Esta Pol\u00edtica de Privacidad puede ser actualizada ocasionalmente por cualquier motivo. El Proveedor del Servicio le notificar\u00e1 sobre cualquier cambio en la Pol\u00edtica de Privacidad actualizando esta p\u00e1gina con la nueva versi\u00f3n. Se le recomienda consultar esta Pol\u00edtica de Privacidad regularmente para estar al tanto de cualquier cambio, ya que el uso continuado se considera una aprobaci\u00f3n de todos los cambios.<\/p>\n\n<p>Esta pol\u00edtica de privacidad entra en vigor a partir del 12-05-2025.<\/p>\n\n<p><strong>Su consentimiento<\/strong><\/p>\n\n<p>Al usar la Aplicaci\u00f3n, usted consiente el procesamiento de su informaci\u00f3n tal como se establece en esta Pol\u00edtica de Privacidad, tanto ahora como en sus futuras modificaciones.<br\/><strong>Cont\u00e1ctenos<\/strong><\/p>\n\n<p>Si tiene alguna pregunta sobre la privacidad al usar la Aplicaci\u00f3n, o dudas sobre las pr\u00e1cticas, por favor contacte al Proveedor del Servicio por correo electr\u00f3nico a development@maskon.no.<\/p>\n","protected":false},"excerpt":{"rendered":"<p>Pol\u00edtica de privacidad Esta pol\u00edtica de privacidad se aplica a la aplicaci\u00f3n Maskon Support (en adelante, \u00abAplicaci\u00f3n\u00bb) para dispositivos m\u00f3viles, creada por Maskon AS (en adelante, \u00abProveedor del Servicio\u00bb). Este servicio se ofrece tal cual (\u00abTAL CUAL\u00bb).Recopilaci\u00f3n y uso de la informaci\u00f3n La Aplicaci\u00f3n no recopila informaci\u00f3n precisa sobre la ubicaci\u00f3n de su dispositivo m\u00f3vil&#8230;.<\/p>\n","protected":false},"author":82,"featured_media":0,"parent":0,"menu_order":0,"comment_status":"closed","ping_status":"closed","template":"","meta":{"_acf_changed":false,"footnotes":""},"class_list":["post-2462","page","type-page","status-publish","hentry"],"acf":[],"yoast_head":"<!-- This site is optimized with the Yoast SEO plugin v27.1.1 - https:\/\/yoast.com\/product\/yoast-seo-wordpress\/ -->\n<title>Soporte Maskon - Maskon<\/title>\n<meta name=\"robots\" content=\"index, follow, max-snippet:-1, max-image-preview:large, max-video-preview:-1\" \/>\n<link rel=\"canonical\" href=\"https:\/\/maskon.no\/es\/soporte-maskon\/\" \/>\n<meta property=\"og:locale\" content=\"es_ES\" \/>\n<meta property=\"og:type\" content=\"article\" \/>\n<meta property=\"og:title\" content=\"Soporte Maskon - Maskon\" \/>\n<meta property=\"og:description\" content=\"Pol\u00edtica de privacidad Esta pol\u00edtica de privacidad se aplica a la aplicaci\u00f3n Maskon Support (en adelante, \u00abAplicaci\u00f3n\u00bb) para dispositivos m\u00f3viles, creada por Maskon AS (en adelante, \u00abProveedor del Servicio\u00bb). Este servicio se ofrece tal cual (\u00abTAL CUAL\u00bb).Recopilaci\u00f3n y uso de la informaci\u00f3n La Aplicaci\u00f3n no recopila informaci\u00f3n precisa sobre la ubicaci\u00f3n de su dispositivo m\u00f3vil....\" \/>\n<meta property=\"og:url\" content=\"https:\/\/maskon.no\/es\/soporte-maskon\/\" \/>\n<meta property=\"og:site_name\" content=\"Maskon\" \/>\n<meta property=\"article:modified_time\" content=\"2025-06-17T10:59:01+00:00\" \/>\n<meta name=\"twitter:label1\" content=\"Tiempo de lectura\" \/>\n\t<meta name=\"twitter:data1\" content=\"1 minuto\" \/>\n<script type=\"application\/ld+json\" class=\"yoast-schema-graph\">{\"@context\":\"https:\/\/schema.org\",\"@graph\":[{\"@type\":\"WebPage\",\"@id\":\"https:\/\/maskon.no\/es\/soporte-maskon\/\",\"url\":\"https:\/\/maskon.no\/es\/soporte-maskon\/\",\"name\":\"Soporte Maskon - Maskon\",\"isPartOf\":{\"@id\":\"https:\/\/maskon.no\/#website\"},\"datePublished\":\"2025-05-12T12:13:48+00:00\",\"dateModified\":\"2025-06-17T10:59:01+00:00\",\"breadcrumb\":{\"@id\":\"https:\/\/maskon.no\/es\/soporte-maskon\/#breadcrumb\"},\"inLanguage\":\"es\",\"potentialAction\":[{\"@type\":\"ReadAction\",\"target\":[\"https:\/\/maskon.no\/es\/soporte-maskon\/\"]}]},{\"@type\":\"BreadcrumbList\",\"@id\":\"https:\/\/maskon.no\/es\/soporte-maskon\/#breadcrumb\",\"itemListElement\":[{\"@type\":\"ListItem\",\"position\":1,\"name\":\"Inicio\",\"item\":\"https:\/\/maskon.no\/es\/\"},{\"@type\":\"ListItem\",\"position\":2,\"name\":\"Soporte Maskon\"}]},{\"@type\":\"WebSite\",\"@id\":\"https:\/\/maskon.no\/#website\",\"url\":\"https:\/\/maskon.no\/\",\"name\":\"Maskon\",\"description\":\"Effektiviserer og kvalitetssikrer\",\"publisher\":{\"@id\":\"https:\/\/maskon.no\/#organization\"},\"potentialAction\":[{\"@type\":\"SearchAction\",\"target\":{\"@type\":\"EntryPoint\",\"urlTemplate\":\"https:\/\/maskon.no\/?s={search_term_string}\"},\"query-input\":{\"@type\":\"PropertyValueSpecification\",\"valueRequired\":true,\"valueName\":\"search_term_string\"}}],\"inLanguage\":\"es\"},{\"@type\":\"Organization\",\"@id\":\"https:\/\/maskon.no\/#organization\",\"name\":\"Maskon\",\"url\":\"https:\/\/maskon.no\/\",\"logo\":{\"@type\":\"ImageObject\",\"inLanguage\":\"es\",\"@id\":\"https:\/\/maskon.no\/#\/schema\/logo\/image\/\",\"url\":\"https:\/\/maskon.no\/wp-content\/uploads\/2023\/03\/maskon_logo_color.svg\",\"contentUrl\":\"https:\/\/maskon.no\/wp-content\/uploads\/2023\/03\/maskon_logo_color.svg\",\"width\":1500,\"height\":500,\"caption\":\"Maskon\"},\"image\":{\"@id\":\"https:\/\/maskon.no\/#\/schema\/logo\/image\/\"}}]}<\/script>\n<!-- \/ Yoast SEO plugin. -->","yoast_head_json":{"title":"Soporte Maskon - Maskon","robots":{"index":"index","follow":"follow","max-snippet":"max-snippet:-1","max-image-preview":"max-image-preview:large","max-video-preview":"max-video-preview:-1"},"canonical":"https:\/\/maskon.no\/es\/soporte-maskon\/","og_locale":"es_ES","og_type":"article","og_title":"Soporte Maskon - Maskon","og_description":"Pol\u00edtica de privacidad Esta pol\u00edtica de privacidad se aplica a la aplicaci\u00f3n Maskon Support (en adelante, \u00abAplicaci\u00f3n\u00bb) para dispositivos m\u00f3viles, creada por Maskon AS (en adelante, \u00abProveedor del Servicio\u00bb). Este servicio se ofrece tal cual (\u00abTAL CUAL\u00bb).Recopilaci\u00f3n y uso de la informaci\u00f3n La Aplicaci\u00f3n no recopila informaci\u00f3n precisa sobre la ubicaci\u00f3n de su dispositivo m\u00f3vil....","og_url":"https:\/\/maskon.no\/es\/soporte-maskon\/","og_site_name":"Maskon","article_modified_time":"2025-06-17T10:59:01+00:00","twitter_misc":{"Tiempo de lectura":"1 minuto"},"schema":{"@context":"https:\/\/schema.org","@graph":[{"@type":"WebPage","@id":"https:\/\/maskon.no\/es\/soporte-maskon\/","url":"https:\/\/maskon.no\/es\/soporte-maskon\/","name":"Soporte Maskon - Maskon","isPartOf":{"@id":"https:\/\/maskon.no\/#website"},"datePublished":"2025-05-12T12:13:48+00:00","dateModified":"2025-06-17T10:59:01+00:00","breadcrumb":{"@id":"https:\/\/maskon.no\/es\/soporte-maskon\/#breadcrumb"},"inLanguage":"es","potentialAction":[{"@type":"ReadAction","target":["https:\/\/maskon.no\/es\/soporte-maskon\/"]}]},{"@type":"BreadcrumbList","@id":"https:\/\/maskon.no\/es\/soporte-maskon\/#breadcrumb","itemListElement":[{"@type":"ListItem","position":1,"name":"Inicio","item":"https:\/\/maskon.no\/es\/"},{"@type":"ListItem","position":2,"name":"Soporte Maskon"}]},{"@type":"WebSite","@id":"https:\/\/maskon.no\/#website","url":"https:\/\/maskon.no\/","name":"Maskon","description":"Effektiviserer og kvalitetssikrer","publisher":{"@id":"https:\/\/maskon.no\/#organization"},"potentialAction":[{"@type":"SearchAction","target":{"@type":"EntryPoint","urlTemplate":"https:\/\/maskon.no\/?s={search_term_string}"},"query-input":{"@type":"PropertyValueSpecification","valueRequired":true,"valueName":"search_term_string"}}],"inLanguage":"es"},{"@type":"Organization","@id":"https:\/\/maskon.no\/#organization","name":"Maskon","url":"https:\/\/maskon.no\/","logo":{"@type":"ImageObject","inLanguage":"es","@id":"https:\/\/maskon.no\/#\/schema\/logo\/image\/","url":"https:\/\/maskon.no\/wp-content\/uploads\/2023\/03\/maskon_logo_color.svg","contentUrl":"https:\/\/maskon.no\/wp-content\/uploads\/2023\/03\/maskon_logo_color.svg","width":1500,"height":500,"caption":"Maskon"},"image":{"@id":"https:\/\/maskon.no\/#\/schema\/logo\/image\/"}}]}},"jetpack_sharing_enabled":true,"_links":{"self":[{"href":"https:\/\/maskon.no\/es\/wp-json\/wp\/v2\/pages\/2462","targetHints":{"allow":["GET"]}}],"collection":[{"href":"https:\/\/maskon.no\/es\/wp-json\/wp\/v2\/pages"}],"about":[{"href":"https:\/\/maskon.no\/es\/wp-json\/wp\/v2\/types\/page"}],"author":[{"embeddable":true,"href":"https:\/\/maskon.no\/es\/wp-json\/wp\/v2\/users\/82"}],"replies":[{"embeddable":true,"href":"https:\/\/maskon.no\/es\/wp-json\/wp\/v2\/comments?post=2462"}],"version-history":[{"count":1,"href":"https:\/\/maskon.no\/es\/wp-json\/wp\/v2\/pages\/2462\/revisions"}],"predecessor-version":[{"id":2463,"href":"https:\/\/maskon.no\/es\/wp-json\/wp\/v2\/pages\/2462\/revisions\/2463"}],"wp:attachment":[{"href":"https:\/\/maskon.no\/es\/wp-json\/wp\/v2\/media?parent=2462"}],"curies":[{"name":"wp","href":"https:\/\/api.w.org\/{rel}","templated":true}]}}