{"id":2200,"date":"2023-05-03T13:42:28","date_gmt":"2023-05-03T11:42:28","guid":{"rendered":"https:\/\/maskon.no\/privacidad\/"},"modified":"2025-06-11T14:30:10","modified_gmt":"2025-06-11T12:30:10","slug":"privacidad","status":"publish","type":"page","link":"https:\/\/maskon.no\/es\/privacidad\/","title":{"rendered":"Privacidad"},"content":{"rendered":"<section class=\"l-section wpb_row personvern-meny height_medium full_height valign_top color_alternate\"><div class=\"l-section-h i-cf\"><div class=\"g-cols vc_row via_flex valign_top type_default stacking_default\"><div class=\"vc_col-sm-12 wpb_column vc_column_container\"><div class=\"vc_column-inner\"><div class=\"wpb_wrapper\"><div class=\"wpb_text_column\"><div class=\"wpb_wrapper\"><h1>Privacidad<\/h1>\n<\/div><\/div><div class=\"w-separator size_medium\"><\/div><nav class=\"w-menu layout_ver style_links us_menu_1\" style=\"--main-gap:1.5rem;--main-ver-indent:0.8em;--main-hor-indent:0.8em;--main-color:inherit;\"><div class=\"menu\"><ul><li class=\"page_item page-item-2191\"><a href=\"https:\/\/maskon.no\/es\/carrera\/\">Carrera<\/a><\/li><li class=\"page_item page-item-2497\"><a href=\"https:\/\/maskon.no\/es\/carrito-de-compras\/\">Carrito de compras<\/a><\/li><li class=\"page_item page-item-2194\"><a href=\"https:\/\/maskon.no\/es\/contacto\/\">Contacto<\/a><\/li><li class=\"page_item page-item-2158\"><a href=\"https:\/\/maskon.no\/es\/de-actualidad\/\">De actualidad<\/a><\/li><li class=\"page_item page-item-2203\"><a href=\"https:\/\/maskon.no\/es\/declaracion-de-privacidad-ue\/\">Declaraci\u00f3n de privacidad (UE)<\/a><\/li><li class=\"page_item page-item-2190\"><a href=\"https:\/\/maskon.no\/es\/declaracion-sobre-cookies-ue\/\">Declaraci\u00f3n sobre cookies (UE)<\/a><\/li><li class=\"page_item page-item-2189\"><a href=\"https:\/\/maskon.no\/es\/exencion-de-responsabilidad\/\">Exenci\u00f3n de responsabilidad<\/a><\/li><li class=\"page_item page-item-2185\"><a href=\"https:\/\/maskon.no\/es\/\">Inicio<\/a><\/li><li class=\"page_item page-item-2493\"><a href=\"https:\/\/maskon.no\/es\/ir-a-la-caja\/\">Ir a la caja<\/a><\/li><li class=\"page_item page-item-2489\"><a href=\"https:\/\/maskon.no\/es\/mi-cuenta\/\">Mi cuenta<\/a><\/li><li class=\"page_item page-item-2200\"><a href=\"https:\/\/maskon.no\/es\/privacidad\/\">Privacidad<\/a><\/li><li class=\"page_item page-item-2204\"><a href=\"https:\/\/maskon.no\/es\/productos\/\">Productos<\/a><\/li><li class=\"page_item page-item-2456\"><a href=\"https:\/\/maskon.no\/es\/registrar-nuevo-usuario\/\">Registrar nuevo usuario<\/a><\/li><li class=\"page_item page-item-2197\"><a href=\"https:\/\/maskon.no\/es\/sobre-nosotros\/\">Sobre nosotros<\/a><\/li><li class=\"page_item page-item-2458\"><a href=\"https:\/\/maskon.no\/es\/solicitud-de-presupuesto\/\">Solicitud de presupuesto<\/a><\/li><li class=\"page_item page-item-2460\"><a href=\"https:\/\/maskon.no\/es\/solicitud-de-presupuesto-2\/\">Solicitud de presupuesto<\/a><\/li><li class=\"page_item page-item-2462\"><a href=\"https:\/\/maskon.no\/es\/soporte-maskon\/\">Soporte Maskon<\/a><\/li><li class=\"page_item page-item-2454\"><a href=\"https:\/\/maskon.no\/es\/tienda\/\">Tienda<\/a><\/li><\/ul><\/div><style>@media ( max-width:600px ){.us_menu_1 .menu{display:block!important}.us_menu_1 .menu>li{margin:0 0 var(--main-gap,1.5rem)!important}}<\/style><\/nav><\/div><\/div><\/div><\/div><\/div><\/section>\n","protected":false},"excerpt":{"rendered":"Privacidad CarreraCarrito de comprasContactoDe actualidadDeclaraci\u00f3n de privacidad (UE)Declaraci\u00f3n sobre cookies (UE)Exenci\u00f3n de responsabilidadInicioIr a la cajaMi cuentaPrivacidadProductosRegistrar nuevo usuarioSobre nosotrosSolicitud de presupuestoSolicitud de presupuestoSoporte MaskonTienda","protected":false},"author":1,"featured_media":0,"parent":0,"menu_order":0,"comment_status":"closed","ping_status":"closed","template":"","meta":{"_acf_changed":false,"footnotes":""},"class_list":["post-2200","page","type-page","status-publish","hentry"],"acf":[],"yoast_head":"<!-- This site is optimized with the Yoast SEO plugin v27.1.1 - https:\/\/yoast.com\/product\/yoast-seo-wordpress\/ -->\n<title>Privacidad - Maskon<\/title>\n<meta name=\"robots\" content=\"index, follow, max-snippet:-1, max-image-preview:large, max-video-preview:-1\" \/>\n<link rel=\"canonical\" href=\"https:\/\/maskon.no\/personvern\/\" \/>\n<meta property=\"og:locale\" content=\"es_ES\" \/>\n<meta property=\"og:type\" content=\"article\" \/>\n<meta property=\"og:title\" content=\"Privacidad - Maskon\" \/>\n<meta property=\"og:url\" content=\"https:\/\/maskon.no\/personvern\/\" \/>\n<meta property=\"og:site_name\" content=\"Maskon\" \/>\n<meta property=\"article:modified_time\" content=\"2025-06-11T12:30:10+00:00\" \/>\n<script type=\"application\/ld+json\" class=\"yoast-schema-graph\">{\"@context\":\"https:\/\/schema.org\",\"@graph\":[{\"@type\":\"WebPage\",\"@id\":\"https:\/\/maskon.no\/personvern\/\",\"url\":\"https:\/\/maskon.no\/personvern\/\",\"name\":\"Privacidad - Maskon\",\"isPartOf\":{\"@id\":\"https:\/\/maskon.no\/#website\"},\"datePublished\":\"2023-05-03T11:42:28+00:00\",\"dateModified\":\"2025-06-11T12:30:10+00:00\",\"breadcrumb\":{\"@id\":\"https:\/\/maskon.no\/personvern\/#breadcrumb\"},\"inLanguage\":\"es\",\"potentialAction\":[{\"@type\":\"ReadAction\",\"target\":[\"https:\/\/maskon.no\/personvern\/\"]}]},{\"@type\":\"BreadcrumbList\",\"@id\":\"https:\/\/maskon.no\/personvern\/#breadcrumb\",\"itemListElement\":[{\"@type\":\"ListItem\",\"position\":1,\"name\":\"Inicio\",\"item\":\"https:\/\/maskon.no\/es\/\"},{\"@type\":\"ListItem\",\"position\":2,\"name\":\"Privacidad\"}]},{\"@type\":\"WebSite\",\"@id\":\"https:\/\/maskon.no\/#website\",\"url\":\"https:\/\/maskon.no\/\",\"name\":\"Maskon\",\"description\":\"Effektiviserer og kvalitetssikrer\",\"publisher\":{\"@id\":\"https:\/\/maskon.no\/#organization\"},\"potentialAction\":[{\"@type\":\"SearchAction\",\"target\":{\"@type\":\"EntryPoint\",\"urlTemplate\":\"https:\/\/maskon.no\/?s={search_term_string}\"},\"query-input\":{\"@type\":\"PropertyValueSpecification\",\"valueRequired\":true,\"valueName\":\"search_term_string\"}}],\"inLanguage\":\"es\"},{\"@type\":\"Organization\",\"@id\":\"https:\/\/maskon.no\/#organization\",\"name\":\"Maskon\",\"url\":\"https:\/\/maskon.no\/\",\"logo\":{\"@type\":\"ImageObject\",\"inLanguage\":\"es\",\"@id\":\"https:\/\/maskon.no\/#\/schema\/logo\/image\/\",\"url\":\"https:\/\/maskon.no\/wp-content\/uploads\/2023\/03\/maskon_logo_color.svg\",\"contentUrl\":\"https:\/\/maskon.no\/wp-content\/uploads\/2023\/03\/maskon_logo_color.svg\",\"width\":1500,\"height\":500,\"caption\":\"Maskon\"},\"image\":{\"@id\":\"https:\/\/maskon.no\/#\/schema\/logo\/image\/\"}}]}<\/script>\n<!-- \/ Yoast SEO plugin. -->","yoast_head_json":{"title":"Privacidad - Maskon","robots":{"index":"index","follow":"follow","max-snippet":"max-snippet:-1","max-image-preview":"max-image-preview:large","max-video-preview":"max-video-preview:-1"},"canonical":"https:\/\/maskon.no\/personvern\/","og_locale":"es_ES","og_type":"article","og_title":"Privacidad - Maskon","og_url":"https:\/\/maskon.no\/personvern\/","og_site_name":"Maskon","article_modified_time":"2025-06-11T12:30:10+00:00","schema":{"@context":"https:\/\/schema.org","@graph":[{"@type":"WebPage","@id":"https:\/\/maskon.no\/personvern\/","url":"https:\/\/maskon.no\/personvern\/","name":"Privacidad - Maskon","isPartOf":{"@id":"https:\/\/maskon.no\/#website"},"datePublished":"2023-05-03T11:42:28+00:00","dateModified":"2025-06-11T12:30:10+00:00","breadcrumb":{"@id":"https:\/\/maskon.no\/personvern\/#breadcrumb"},"inLanguage":"es","potentialAction":[{"@type":"ReadAction","target":["https:\/\/maskon.no\/personvern\/"]}]},{"@type":"BreadcrumbList","@id":"https:\/\/maskon.no\/personvern\/#breadcrumb","itemListElement":[{"@type":"ListItem","position":1,"name":"Inicio","item":"https:\/\/maskon.no\/es\/"},{"@type":"ListItem","position":2,"name":"Privacidad"}]},{"@type":"WebSite","@id":"https:\/\/maskon.no\/#website","url":"https:\/\/maskon.no\/","name":"Maskon","description":"Effektiviserer og kvalitetssikrer","publisher":{"@id":"https:\/\/maskon.no\/#organization"},"potentialAction":[{"@type":"SearchAction","target":{"@type":"EntryPoint","urlTemplate":"https:\/\/maskon.no\/?s={search_term_string}"},"query-input":{"@type":"PropertyValueSpecification","valueRequired":true,"valueName":"search_term_string"}}],"inLanguage":"es"},{"@type":"Organization","@id":"https:\/\/maskon.no\/#organization","name":"Maskon","url":"https:\/\/maskon.no\/","logo":{"@type":"ImageObject","inLanguage":"es","@id":"https:\/\/maskon.no\/#\/schema\/logo\/image\/","url":"https:\/\/maskon.no\/wp-content\/uploads\/2023\/03\/maskon_logo_color.svg","contentUrl":"https:\/\/maskon.no\/wp-content\/uploads\/2023\/03\/maskon_logo_color.svg","width":1500,"height":500,"caption":"Maskon"},"image":{"@id":"https:\/\/maskon.no\/#\/schema\/logo\/image\/"}}]}},"jetpack_sharing_enabled":true,"_links":{"self":[{"href":"https:\/\/maskon.no\/es\/wp-json\/wp\/v2\/pages\/2200","targetHints":{"allow":["GET"]}}],"collection":[{"href":"https:\/\/maskon.no\/es\/wp-json\/wp\/v2\/pages"}],"about":[{"href":"https:\/\/maskon.no\/es\/wp-json\/wp\/v2\/types\/page"}],"author":[{"embeddable":true,"href":"https:\/\/maskon.no\/es\/wp-json\/wp\/v2\/users\/1"}],"replies":[{"embeddable":true,"href":"https:\/\/maskon.no\/es\/wp-json\/wp\/v2\/comments?post=2200"}],"version-history":[{"count":2,"href":"https:\/\/maskon.no\/es\/wp-json\/wp\/v2\/pages\/2200\/revisions"}],"predecessor-version":[{"id":2202,"href":"https:\/\/maskon.no\/es\/wp-json\/wp\/v2\/pages\/2200\/revisions\/2202"}],"wp:attachment":[{"href":"https:\/\/maskon.no\/es\/wp-json\/wp\/v2\/media?parent=2200"}],"curies":[{"name":"wp","href":"https:\/\/api.w.org\/{rel}","templated":true}]}}