{"id":2191,"date":"2023-05-12T14:55:25","date_gmt":"2023-05-12T12:55:25","guid":{"rendered":"https:\/\/maskon.no\/carrera\/"},"modified":"2025-10-27T09:30:20","modified_gmt":"2025-10-27T08:30:20","slug":"carrera","status":"publish","type":"page","link":"https:\/\/maskon.no\/es\/carrera\/","title":{"rendered":"Carrera"},"content":{"rendered":"<section class=\"l-section wpb_row height_huge color_secondary with_img parallax_ver\" id=\"section-06\"><div class=\"l-section-img\" role=\"img\" aria-label=\"Imagen\" data-img-width=\"2560\" data-img-height=\"1708\" style=\"background-image: url(https:\/\/maskon.no\/wp-content\/uploads\/2023\/04\/Maskon_Web_FossbakkFoto-17-scaled.jpg);background-repeat: no-repeat;\"><\/div><div class=\"l-section-overlay\" style=\"background:linear-gradient(90deg,rgba(2,30,64,0.60),rgba(2,30,64,0.30))\"><\/div><div class=\"l-section-h i-cf\"><div class=\"g-cols vc_row via_flex valign_top type_default reversed stacking_default\"><div class=\"vc_col-sm-12 wpb_column vc_column_container\"><div class=\"vc_column-inner us_custom_fd43344c\"><div class=\"wpb_wrapper\"><h1 class=\"w-text us_custom_1ff197ed\"><span class=\"w-text-h\"><span class=\"w-text-value\">Carrera<\/span><\/span><\/h1><div class=\"wpb_text_column\"><div class=\"wpb_wrapper\"><p>Unos empleados satisfechos son un requisito previo para unos clientes satisfechos.<\/p>\n<\/div><\/div><\/div><\/div><\/div><\/div><\/div><\/section><section class=\"l-section wpb_row height_auto\" id=\"ledige-stillinger\"><div class=\"l-section-overlay\" style=\"background:#e8e8e8\"><\/div><div class=\"l-section-h i-cf\"><div class=\"g-cols vc_row via_flex valign_top type_default stacking_default\"><div class=\"vc_col-sm-12 wpb_column vc_column_container\"><div class=\"vc_column-inner\"><div class=\"wpb_wrapper\"><div class=\"w-separator size_medium\"><\/div><div class=\"wpb_text_column us_custom_38e07046\"><div class=\"wpb_wrapper\"><p><strong>\u00bfQuiere trabajar en un sector apasionante y con visi\u00f3n de futuro?<\/strong><\/p>\n<p>Trabajar para un asesor y proveedor l\u00edder mundial del sector de la acuicultura ofrece interesantes oportunidades profesionales. Nuestro enfoque en el desarrollo de productos y la digitalizaci\u00f3n nos ha proporcionado una s\u00f3lida posici\u00f3n y nos ha convertido en el socio preferido de las empresas acu\u00edcolas de todo el mundo. Nuestra visi\u00f3n es crear el futuro de la acuicultura mediante el crecimiento, la optimizaci\u00f3n y la mejora del sector. Para lograr esta visi\u00f3n, contamos con empleados comprometidos y motivados que est\u00e1n cualificados en su \u00e1rea de especializaci\u00f3n. Si no tenemos vacantes en este momento, p\u00f3ngase en contacto con nosotros y env\u00edenos una solicitud abierta.<\/p>\n<\/div><\/div><div class=\"w-separator size_medium\"><\/div>[vc_raw_js]JTNDc2NyaXB0JTIwdHlwZSUzRCUyMnRleHQlMkZqYXZhc2NyaXB0JTIyJTIwc3JjJTNEJTIyaHR0cHMlM0ElMkYlMkZ3ZWIxMDMucmVhY2htZWUuY29tJTJGY3VzdG9tZXJqcyUyRmhlbHBlci5qcyUyMiUzRSUzQyUyRnNjcmlwdCUzRSUwQSUzQ3NjcmlwdCUyMHR5cGUlM0QlMjJ0ZXh0JTJGamF2YXNjcmlwdCUyMiUyMHNyYyUzRCUyMmh0dHBzJTNBJTJGJTJGd2ViMTAzLnJlYWNobWVlLmNvbSUyRmN1c3RvbWVyanMlMkZJMDEwLTI2MTctMTEuanMlMjIlM0UlM0MlMkZzY3JpcHQlM0UlMEE=[\/vc_raw_js]<\/div><\/div><\/div><\/div><\/div><\/section><section class=\"l-section wpb_row height_medium\"><div class=\"l-section-overlay\" style=\"background:#e8e8e8\"><\/div><div class=\"l-section-h i-cf\"><div class=\"g-cols vc_row via_flex valign_top type_default stacking_default\"><div class=\"vc_col-sm-12 wpb_column vc_column_container\"><div class=\"vc_column-inner\"><div class=\"wpb_wrapper\"><div class=\"w-slider style_none fit_scaledown nav_dots count_9\"><div class=\"w-slider-h\" aria-hidden=\"true\"><div class=\"royalSlider\"><div class=\"rsContent\"><a class=\"rsImg\" data-rsw=\"1024\" data-rsh=\"683\" href=\"https:\/\/maskon.no\/wp-content\/uploads\/2023\/04\/Maskon_Web_FossbakkFoto-27-1024x683.jpg\"><span data-alt=\"\"><\/span><\/a><\/div><div class=\"rsContent\"><a class=\"rsImg\" data-rsw=\"1024\" data-rsh=\"683\" href=\"https:\/\/maskon.no\/wp-content\/uploads\/2023\/04\/Maskon_Web_FossbakkFoto-31-1024x683.jpg\"><span data-alt=\"\"><\/span><\/a><\/div><div class=\"rsContent\"><a class=\"rsImg\" data-rsw=\"1024\" data-rsh=\"683\" href=\"https:\/\/maskon.no\/wp-content\/uploads\/2023\/04\/Maskon_Web_FossbakkFoto-24-1024x683.jpg\"><span data-alt=\"\"><\/span><\/a><\/div><div class=\"rsContent\"><a class=\"rsImg\" data-rsw=\"1024\" data-rsh=\"683\" href=\"https:\/\/maskon.no\/wp-content\/uploads\/2023\/04\/Maskon_Web_FossbakkFoto-23-1024x683.jpg\"><span data-alt=\"\"><\/span><\/a><\/div><div class=\"rsContent\"><a class=\"rsImg\" data-rsw=\"1024\" data-rsh=\"683\" href=\"https:\/\/maskon.no\/wp-content\/uploads\/2023\/04\/Maskon_Web_FossbakkFoto-34-1024x683.jpg\"><span data-alt=\"\"><\/span><\/a><\/div><div class=\"rsContent\"><a class=\"rsImg\" data-rsw=\"1024\" data-rsh=\"683\" href=\"https:\/\/maskon.no\/wp-content\/uploads\/2023\/04\/Maskon_Web_FossbakkFoto-12-1024x683.jpg\"><span data-alt=\"\"><\/span><\/a><\/div><div class=\"rsContent\"><a class=\"rsImg\" data-rsw=\"1024\" data-rsh=\"683\" href=\"https:\/\/maskon.no\/wp-content\/uploads\/2023\/04\/Maskon_Web_FossbakkFoto-17-1024x683.jpg\"><span data-alt=\"\"><\/span><\/a><\/div><div class=\"rsContent\"><a class=\"rsImg\" data-rsw=\"1024\" data-rsh=\"683\" href=\"https:\/\/maskon.no\/wp-content\/uploads\/2023\/05\/Maskon_Web_FossbakkFoto-9-1-min-1024x683.jpg\"><span data-alt=\"\"><\/span><\/a><\/div><div class=\"rsContent\"><a class=\"rsImg\" data-rsw=\"1024\" data-rsh=\"576\" href=\"https:\/\/maskon.no\/wp-content\/uploads\/2023\/05\/471_473667724-1024x576.jpg\"><span data-alt=\"\"><\/span><\/a><\/div><\/div><img decoding=\"async\" src=\"https:\/\/maskon.no\/wp-content\/uploads\/2023\/04\/Maskon_Web_FossbakkFoto-27-1024x683.jpg\" width=\"1024\" height=\"683\" alt loading=\"lazy\"><\/div><div class=\"w-slider-json\" onclick='return {&quot;autoScaleSlider&quot;:true,&quot;addActiveClass&quot;:true,&quot;loop&quot;:true,&quot;fadeInLoadedSlide&quot;:false,&quot;slidesSpacing&quot;:0,&quot;imageScalePadding&quot;:0,&quot;numImagesToPreload&quot;:2,&quot;arrowsNav&quot;:true,&quot;arrowsNavAutoHide&quot;:true,&quot;transitionType&quot;:&quot;move&quot;,&quot;transitionSpeed&quot;:250,&quot;block&quot;:{&quot;moveEffect&quot;:&quot;none&quot;,&quot;speed&quot;:300},&quot;thumbs&quot;:{&quot;fitInViewport&quot;:false,&quot;firstMargin&quot;:false,&quot;spacing&quot;:4},&quot;controlNavigation&quot;:&quot;bullets&quot;,&quot;autoplay&quot;:{&quot;enabled&quot;:true,&quot;pauseOnHover&quot;:true,&quot;delay&quot;:3000},&quot;autoScaleSliderWidth&quot;:1024,&quot;autoScaleSliderHeight&quot;:683}'><\/div><\/div><\/div><\/div><\/div><\/div><\/div><\/section>\n","protected":false},"excerpt":{"rendered":"CarreraUnos empleados satisfechos son un requisito previo para unos clientes satisfechos. \u00bfQuiere trabajar en un sector apasionante y con visi\u00f3n de futuro? Trabajar para un asesor y proveedor l\u00edder mundial del sector de la acuicultura ofrece interesantes oportunidades profesionales. Nuestro enfoque en el desarrollo de productos y la digitalizaci\u00f3n nos ha proporcionado una s\u00f3lida posici\u00f3n...","protected":false},"author":1,"featured_media":0,"parent":0,"menu_order":0,"comment_status":"closed","ping_status":"closed","template":"","meta":{"_acf_changed":false,"footnotes":""},"class_list":["post-2191","page","type-page","status-publish","hentry"],"acf":[],"yoast_head":"<!-- This site is optimized with the Yoast SEO plugin v27.1.1 - https:\/\/yoast.com\/product\/yoast-seo-wordpress\/ -->\n<title>Carrera - Maskon<\/title>\n<meta name=\"robots\" content=\"index, follow, max-snippet:-1, max-image-preview:large, max-video-preview:-1\" \/>\n<link rel=\"canonical\" href=\"https:\/\/maskon.no\/es\/carrera\/\" \/>\n<meta property=\"og:locale\" content=\"es_ES\" \/>\n<meta property=\"og:type\" content=\"article\" \/>\n<meta property=\"og:title\" content=\"Carrera - Maskon\" \/>\n<meta property=\"og:url\" content=\"https:\/\/maskon.no\/es\/carrera\/\" \/>\n<meta property=\"og:site_name\" content=\"Maskon\" \/>\n<meta property=\"article:modified_time\" content=\"2025-10-27T08:30:20+00:00\" \/>\n<meta name=\"twitter:label1\" content=\"Tiempo de lectura\" \/>\n\t<meta name=\"twitter:data1\" content=\"2 minuto\" \/>\n<script type=\"application\/ld+json\" class=\"yoast-schema-graph\">{\"@context\":\"https:\/\/schema.org\",\"@graph\":[{\"@type\":\"WebPage\",\"@id\":\"https:\/\/maskon.no\/es\/carrera\/\",\"url\":\"https:\/\/maskon.no\/es\/carrera\/\",\"name\":\"Carrera - Maskon\",\"isPartOf\":{\"@id\":\"https:\/\/maskon.no\/#website\"},\"datePublished\":\"2023-05-12T12:55:25+00:00\",\"dateModified\":\"2025-10-27T08:30:20+00:00\",\"breadcrumb\":{\"@id\":\"https:\/\/maskon.no\/es\/carrera\/#breadcrumb\"},\"inLanguage\":\"es\",\"potentialAction\":[{\"@type\":\"ReadAction\",\"target\":[\"https:\/\/maskon.no\/es\/carrera\/\"]}]},{\"@type\":\"BreadcrumbList\",\"@id\":\"https:\/\/maskon.no\/es\/carrera\/#breadcrumb\",\"itemListElement\":[{\"@type\":\"ListItem\",\"position\":1,\"name\":\"Inicio\",\"item\":\"https:\/\/maskon.no\/es\/\"},{\"@type\":\"ListItem\",\"position\":2,\"name\":\"Carrera\"}]},{\"@type\":\"WebSite\",\"@id\":\"https:\/\/maskon.no\/#website\",\"url\":\"https:\/\/maskon.no\/\",\"name\":\"Maskon\",\"description\":\"Effektiviserer og kvalitetssikrer\",\"publisher\":{\"@id\":\"https:\/\/maskon.no\/#organization\"},\"potentialAction\":[{\"@type\":\"SearchAction\",\"target\":{\"@type\":\"EntryPoint\",\"urlTemplate\":\"https:\/\/maskon.no\/?s={search_term_string}\"},\"query-input\":{\"@type\":\"PropertyValueSpecification\",\"valueRequired\":true,\"valueName\":\"search_term_string\"}}],\"inLanguage\":\"es\"},{\"@type\":\"Organization\",\"@id\":\"https:\/\/maskon.no\/#organization\",\"name\":\"Maskon\",\"url\":\"https:\/\/maskon.no\/\",\"logo\":{\"@type\":\"ImageObject\",\"inLanguage\":\"es\",\"@id\":\"https:\/\/maskon.no\/#\/schema\/logo\/image\/\",\"url\":\"https:\/\/maskon.no\/wp-content\/uploads\/2023\/03\/maskon_logo_color.svg\",\"contentUrl\":\"https:\/\/maskon.no\/wp-content\/uploads\/2023\/03\/maskon_logo_color.svg\",\"width\":1500,\"height\":500,\"caption\":\"Maskon\"},\"image\":{\"@id\":\"https:\/\/maskon.no\/#\/schema\/logo\/image\/\"}}]}<\/script>\n<!-- \/ Yoast SEO plugin. -->","yoast_head_json":{"title":"Carrera - Maskon","robots":{"index":"index","follow":"follow","max-snippet":"max-snippet:-1","max-image-preview":"max-image-preview:large","max-video-preview":"max-video-preview:-1"},"canonical":"https:\/\/maskon.no\/es\/carrera\/","og_locale":"es_ES","og_type":"article","og_title":"Carrera - Maskon","og_url":"https:\/\/maskon.no\/es\/carrera\/","og_site_name":"Maskon","article_modified_time":"2025-10-27T08:30:20+00:00","twitter_misc":{"Tiempo de lectura":"2 minuto"},"schema":{"@context":"https:\/\/schema.org","@graph":[{"@type":"WebPage","@id":"https:\/\/maskon.no\/es\/carrera\/","url":"https:\/\/maskon.no\/es\/carrera\/","name":"Carrera - Maskon","isPartOf":{"@id":"https:\/\/maskon.no\/#website"},"datePublished":"2023-05-12T12:55:25+00:00","dateModified":"2025-10-27T08:30:20+00:00","breadcrumb":{"@id":"https:\/\/maskon.no\/es\/carrera\/#breadcrumb"},"inLanguage":"es","potentialAction":[{"@type":"ReadAction","target":["https:\/\/maskon.no\/es\/carrera\/"]}]},{"@type":"BreadcrumbList","@id":"https:\/\/maskon.no\/es\/carrera\/#breadcrumb","itemListElement":[{"@type":"ListItem","position":1,"name":"Inicio","item":"https:\/\/maskon.no\/es\/"},{"@type":"ListItem","position":2,"name":"Carrera"}]},{"@type":"WebSite","@id":"https:\/\/maskon.no\/#website","url":"https:\/\/maskon.no\/","name":"Maskon","description":"Effektiviserer og kvalitetssikrer","publisher":{"@id":"https:\/\/maskon.no\/#organization"},"potentialAction":[{"@type":"SearchAction","target":{"@type":"EntryPoint","urlTemplate":"https:\/\/maskon.no\/?s={search_term_string}"},"query-input":{"@type":"PropertyValueSpecification","valueRequired":true,"valueName":"search_term_string"}}],"inLanguage":"es"},{"@type":"Organization","@id":"https:\/\/maskon.no\/#organization","name":"Maskon","url":"https:\/\/maskon.no\/","logo":{"@type":"ImageObject","inLanguage":"es","@id":"https:\/\/maskon.no\/#\/schema\/logo\/image\/","url":"https:\/\/maskon.no\/wp-content\/uploads\/2023\/03\/maskon_logo_color.svg","contentUrl":"https:\/\/maskon.no\/wp-content\/uploads\/2023\/03\/maskon_logo_color.svg","width":1500,"height":500,"caption":"Maskon"},"image":{"@id":"https:\/\/maskon.no\/#\/schema\/logo\/image\/"}}]}},"jetpack_sharing_enabled":true,"_links":{"self":[{"href":"https:\/\/maskon.no\/es\/wp-json\/wp\/v2\/pages\/2191","targetHints":{"allow":["GET"]}}],"collection":[{"href":"https:\/\/maskon.no\/es\/wp-json\/wp\/v2\/pages"}],"about":[{"href":"https:\/\/maskon.no\/es\/wp-json\/wp\/v2\/types\/page"}],"author":[{"embeddable":true,"href":"https:\/\/maskon.no\/es\/wp-json\/wp\/v2\/users\/1"}],"replies":[{"embeddable":true,"href":"https:\/\/maskon.no\/es\/wp-json\/wp\/v2\/comments?post=2191"}],"version-history":[{"count":7,"href":"https:\/\/maskon.no\/es\/wp-json\/wp\/v2\/pages\/2191\/revisions"}],"predecessor-version":[{"id":2790,"href":"https:\/\/maskon.no\/es\/wp-json\/wp\/v2\/pages\/2191\/revisions\/2790"}],"wp:attachment":[{"href":"https:\/\/maskon.no\/es\/wp-json\/wp\/v2\/media?parent=2191"}],"curies":[{"name":"wp","href":"https:\/\/api.w.org\/{rel}","templated":true}]}}