{"id":2158,"date":"2023-04-24T10:49:19","date_gmt":"2023-04-24T08:49:19","guid":{"rendered":"https:\/\/maskon.no\/de-actualidad\/"},"modified":"2025-06-11T13:38:37","modified_gmt":"2025-06-11T11:38:37","slug":"de-actualidad","status":"publish","type":"page","link":"https:\/\/maskon.no\/es\/de-actualidad\/","title":{"rendered":"De actualidad"},"content":{"rendered":"<section class=\"l-section wpb_row height_huge color_secondary with_img parallax_ver\" id=\"section-06\"><div class=\"l-section-img\" role=\"img\" aria-label=\"Imagen\" data-img-width=\"2260\" data-img-height=\"1207\" style=\"background-image: url(https:\/\/maskon.no\/wp-content\/uploads\/2023\/04\/maskon-maskin.jpg);background-repeat: no-repeat;\"><\/div><div class=\"l-section-overlay\" style=\"background:linear-gradient(90deg,rgba(2,30,64,0.60),rgba(2,30,64,0.30))\"><\/div><div class=\"l-section-h i-cf\"><div class=\"g-cols vc_row via_flex valign_top type_default reversed stacking_default\"><div class=\"vc_col-sm-12 wpb_column vc_column_container\"><div class=\"vc_column-inner us_custom_fd43344c\"><div class=\"wpb_wrapper\"><h1 class=\"w-text us_custom_1ff197ed\"><span class=\"w-text-h\"><span class=\"w-text-value\">De actualidad<\/span><\/span><\/h1><div class=\"wpb_text_column\"><div class=\"wpb_wrapper\"><p>Novedades de Maskon<\/p>\n<\/div><\/div><\/div><\/div><\/div><\/div><\/div><\/section><section class=\"l-section wpb_row aktuelt-grid height_medium\"><div class=\"l-section-h i-cf\"><div class=\"g-cols vc_row via_flex valign_top type_default stacking_default\"><div class=\"vc_col-sm-12 wpb_column vc_column_container\"><div class=\"vc_column-inner\"><div class=\"wpb_wrapper\"><div class=\"w-grid us_grid first-article-aktuelt type_grid layout_233 cols_1 preload_style_spinner\" id=\"us_grid_1\" style=\"--columns:1;--gap:1.5rem;\" data-filterable=\"true\"><style>.layout_233 .w-grid-item-h{}.layout_233 .usg_post_image_1{transition-duration:0.3s;transform-origin:50% 50%;transform:scale(1) translate(0%,0%)}.layout_233 .w-grid-item-h:focus-within .usg_post_image_1,.layout_233 .w-grid-item-h:hover .usg_post_image_1{transform:scale(1.1) translate(0%,0%);opacity:1}.layout_233 .usg_post_image_1{margin-right:0!important}.layout_233 .usg_text_1{color:#ff5000!important}.layout_233 .usg_vwrapper_2{max-width:50%!important;min-height:160px!important;padding:1.5rem!important}.layout_233 .usg_post_title_1{color:#ffffff!important}.layout_233 .usg_hwrapper_1{background:#021e40!important}.layout_233 .usg_post_content_1{color:#ffffff!important}.layout_233 .usg_post_date_1{color:#ffffff!important;font-size:0.8rem!important}@media (min-width:601px) and (max-width:1024px){.layout_233 .usg_vwrapper_2{max-width:50%!important}}@media (max-width:600px){.layout_233 .usg_vwrapper_2{max-width:100%!important}}<\/style><div class=\"w-grid-list\">\t<article class=\"w-grid-item size_1x1 post-2738 post type-post status-publish format-standard has-post-thumbnail hentry category-sin-categoria\" data-id=\"2738\">\r\n\t\t<div class=\"w-grid-item-h\">\r\n\t\t\t\t\t\t<div class=\"w-hwrapper usg_hwrapper_1 news-grid-fremhevet align_left valign_middle\" style=\"--hwrapper-gap:1.20rem\"><div class=\"w-vwrapper usg_vwrapper_3 align_left valign_top\"><div class=\"w-post-elm post_image usg_post_image_1 news-post-image stretched\"><a href=\"https:\/\/maskon.no\/es\/muchas-gracias-por-visitar-aqua-nor-2025\/\" aria-label=\"\u00a1Muchas gracias por visitar Aqua Nor 2025!\"><img loading=\"lazy\" decoding=\"async\" width=\"1909\" height=\"1032\" src=\"https:\/\/maskon.no\/wp-content\/uploads\/2025\/09\/Skjermbilde-2025-09-02-114848.png\" class=\"attachment-full size-full wp-post-image\" alt=\"\" srcset=\"https:\/\/maskon.no\/wp-content\/uploads\/2025\/09\/Skjermbilde-2025-09-02-114848.png 1909w, https:\/\/maskon.no\/wp-content\/uploads\/2025\/09\/Skjermbilde-2025-09-02-114848-300x162.png 300w, https:\/\/maskon.no\/wp-content\/uploads\/2025\/09\/Skjermbilde-2025-09-02-114848-1024x554.png 1024w, https:\/\/maskon.no\/wp-content\/uploads\/2025\/09\/Skjermbilde-2025-09-02-114848-200x108.png 200w\" sizes=\"auto, (max-width: 1909px) 100vw, 1909px\" \/><\/a><\/div><\/div><div class=\"w-vwrapper usg_vwrapper_2 nyhet-large-text-outer align_left valign_middle\"><h3 class=\"w-post-elm post_title usg_post_title_1 has_text_color entry-title color_link_inherit\"><a href=\"https:\/\/maskon.no\/es\/muchas-gracias-por-visitar-aqua-nor-2025\/\">\u00a1Muchas gracias por visitar Aqua Nor 2025!<\/a><\/h3><div class=\"w-post-elm post_content usg_post_content_1 has_text_color\">En Maskon, nos gustar\u00eda agradecer a todos nuestros clientes, socios y colegas de la industria que nos visitaron en el Aqua Nor de este a\u00f1o. Para nosotros, la exposici\u00f3n fue&hellip;<\/div><div class=\"w-hwrapper usg_hwrapper_2 aktuelt-misc align_justify valign_top\" style=\"--hwrapper-gap:1.20rem\"><time class=\"w-post-elm post_date usg_post_date_1 has_text_color entry-date published\" datetime=\"2025-09-02T11:50:06+02:00\">2. septiembre, 2025<\/time><p class=\"w-text usg_text_1 has_text_color no_text icon_atleft\"><span class=\"w-text-h\"><i class=\"material-icons\">east<\/i><span class=\"w-text-value\"><\/span><\/span><\/p><\/div><\/div><\/div>\t\t<\/div>\r\n\t\t\t<\/article>\r\n<\/div>\t<div class=\"w-grid-preloader\">\r\n\t\t<div class=\"g-preloader type_1\">\r\n\t\t\t<div><\/div>\r\n\t\t<\/div>\r\n\t<\/div>\r\n\t\t<div class=\"w-grid-json hidden\" onclick='return {&quot;action&quot;:&quot;us_ajax_grid&quot;,&quot;infinite_scroll&quot;:0,&quot;max_num_pages&quot;:5,&quot;pagination&quot;:&quot;none&quot;,&quot;template_vars&quot;:{&quot;columns&quot;:&quot;1&quot;,&quot;exclude_items&quot;:&quot;none&quot;,&quot;img_size&quot;:&quot;default&quot;,&quot;ignore_items_size&quot;:0,&quot;items_layout&quot;:&quot;233&quot;,&quot;items_offset&quot;:&quot;1&quot;,&quot;load_animation&quot;:&quot;none&quot;,&quot;overriding_link&quot;:&quot;{\\&quot;url\\&quot;:\\&quot;\\&quot;}&quot;,&quot;post_id&quot;:0,&quot;query_args&quot;:{&quot;post_type&quot;:[&quot;post&quot;],&quot;post_status&quot;:[&quot;publish&quot;,&quot;acf-disabled&quot;],&quot;posts_per_page&quot;:&quot;1&quot;},&quot;orderby_query_args&quot;:{&quot;orderby&quot;:{&quot;date&quot;:&quot;DESC&quot;}},&quot;type&quot;:&quot;grid&quot;,&quot;us_grid_post_type&quot;:&quot;post&quot;,&quot;us_grid_ajax_index&quot;:1,&quot;us_grid_filter_query_string&quot;:null,&quot;us_grid_index&quot;:1,&quot;page_args&quot;:[],&quot;lang&quot;:&quot;es&quot;}}'><\/div>\r\n\t<\/div><div class=\"w-separator size_small\"><\/div><div class=\"w-grid us_grid rest-articles-aktuelt type_grid layout_232 nyhets-grid cols_3 overflow_hidden preload_style_spinner with_css_animation\" id=\"us_grid_2\" style=\"--columns:3;--gap:1.5rem;\" data-filterable=\"true\"><style>@media (max-width:1024px){#us_grid_2{--columns:2!important}}@media (max-width:600px){#us_grid_2{--columns:1!important}}.layout_232 .w-grid-item-h{background:#021e40;color:#ffffff}.layout_232 .usg_post_image_1{transition-duration:0.3s;transform-origin:50% 50%;transform:scale(1) translate(0%,0%)}.layout_232 .w-grid-item-h:focus-within .usg_post_image_1,.layout_232 .w-grid-item-h:hover .usg_post_image_1{transform:scale(1.1) translate(0%,0%);opacity:1}.layout_232 .usg_vwrapper_1{transition-duration:0.2s;transform-origin:50% 50%;transform:scale(1) translate(0%,0%)}.layout_232 .w-grid-item-h:focus-within .usg_vwrapper_1,.layout_232 .w-grid-item-h:hover .usg_vwrapper_1{transform:scale(1) translate(0%,0%);opacity:1;background:var(--color-header-middle-text-hover)!important}.layout_232 .usg_hwrapper_1{margin-bottom:0.2rem!important}.layout_232 .usg_post_date_1{font-size:0.8rem!important}.layout_232 .usg_post_title_1{color:inherit!important}.layout_232 .usg_text_1{color:#ff5000!important}<\/style><div class=\"w-grid-list\">\t<article class=\"w-grid-item us_animate_afb size_1x1 post-2161 post type-post status-publish format-standard has-post-thumbnail hentry category-sin-categoria\" data-id=\"2161\" style=\"animation-delay:0s\">\r\n\t\t<div class=\"w-grid-item-h\">\r\n\t\t\t\t\t\t<div class=\"w-post-elm post_image usg_post_image_1 nyhets-grid-image stretched\"><a href=\"https:\/\/maskon.no\/es\/nueva-tecnologia-para-la-clasificacion-por-sexo-vacunacion-y-documentacion-eficientes\/\" aria-label=\"Nueva tecnolog\u00eda para la clasificaci\u00f3n por sexo, vacunaci\u00f3n y documentaci\u00f3n eficientes\"><img loading=\"lazy\" decoding=\"async\" width=\"1024\" height=\"576\" src=\"https:\/\/maskon.no\/wp-content\/uploads\/2025\/05\/Main-vaccination-room-2_Camera_Default-Camera-8-1024x576.png\" class=\"attachment-large size-large wp-post-image\" alt=\"\" srcset=\"https:\/\/maskon.no\/wp-content\/uploads\/2025\/05\/Main-vaccination-room-2_Camera_Default-Camera-8-1024x576.png 1024w, https:\/\/maskon.no\/wp-content\/uploads\/2025\/05\/Main-vaccination-room-2_Camera_Default-Camera-8-300x169.png 300w, https:\/\/maskon.no\/wp-content\/uploads\/2025\/05\/Main-vaccination-room-2_Camera_Default-Camera-8-200x113.png 200w\" sizes=\"auto, (max-width: 1024px) 100vw, 1024px\" \/><\/a><\/div><div class=\"w-vwrapper usg_vwrapper_1 nyhets-grid-text-outer align_none valign_bottom\"><h5 class=\"w-post-elm post_title usg_post_title_1 has_text_color entry-title color_link_inherit\"><a href=\"https:\/\/maskon.no\/es\/nueva-tecnologia-para-la-clasificacion-por-sexo-vacunacion-y-documentacion-eficientes\/\">Nueva tecnolog\u00eda para la clasificaci\u00f3n por sexo, vacunaci\u00f3n y documentaci\u00f3n eficientes<\/a><\/h5><div class=\"w-hwrapper usg_hwrapper_1 align_justify valign_bottom wrap\" style=\"--hwrapper-gap:1.20rem\"><time class=\"w-post-elm post_date usg_post_date_1 entry-date published\" datetime=\"2025-05-21T09:24:56+02:00\">21. mayo, 2025<\/time><div class=\"w-text usg_text_1 has_text_color no_text icon_atleft\"><span class=\"w-text-h\"><i class=\"material-icons\">east<\/i><span class=\"w-text-value\"><\/span><\/span><\/div><\/div><\/div>\t\t<\/div>\r\n\t\t\t<\/article>\r\n\t<article class=\"w-grid-item us_animate_afb size_1x1 post-2283 post type-post status-publish format-standard has-post-thumbnail hentry category-sin-categoria\" data-id=\"2283\" style=\"animation-delay:0.1s\">\r\n\t\t<div class=\"w-grid-item-h\">\r\n\t\t\t\t\t\t<div class=\"w-post-elm post_image usg_post_image_1 nyhets-grid-image stretched\"><a href=\"https:\/\/maskon.no\/es\/maskon-lanza-una-nueva-unidad-dosificadora-para-administrar-4-vacunas-diferentes-al-mismo-tiempo\/\" aria-label=\"Maskon lanza una nueva unidad dosificadora para administrar 4 vacunas diferentes al mismo tiempo!\"><img loading=\"lazy\" decoding=\"async\" width=\"1024\" height=\"669\" src=\"https:\/\/maskon.no\/wp-content\/uploads\/2023\/04\/Quattro-1-bakgrunn-fjernet-1024x669.png\" class=\"attachment-large size-large wp-post-image\" alt=\"\" srcset=\"https:\/\/maskon.no\/wp-content\/uploads\/2023\/04\/Quattro-1-bakgrunn-fjernet-1024x669.png 1024w, https:\/\/maskon.no\/wp-content\/uploads\/2023\/04\/Quattro-1-bakgrunn-fjernet-200x131.png 200w, https:\/\/maskon.no\/wp-content\/uploads\/2023\/04\/Quattro-1-bakgrunn-fjernet-300x196.png 300w, https:\/\/maskon.no\/wp-content\/uploads\/2023\/04\/Quattro-1-bakgrunn-fjernet.png 1690w\" sizes=\"auto, (max-width: 1024px) 100vw, 1024px\" \/><\/a><\/div><div class=\"w-vwrapper usg_vwrapper_1 nyhets-grid-text-outer align_none valign_bottom\"><h5 class=\"w-post-elm post_title usg_post_title_1 has_text_color entry-title color_link_inherit\"><a href=\"https:\/\/maskon.no\/es\/maskon-lanza-una-nueva-unidad-dosificadora-para-administrar-4-vacunas-diferentes-al-mismo-tiempo\/\">Maskon lanza una nueva unidad dosificadora para administrar 4 vacunas diferentes al mismo tiempo!<\/a><\/h5><div class=\"w-hwrapper usg_hwrapper_1 align_justify valign_bottom wrap\" style=\"--hwrapper-gap:1.20rem\"><time class=\"w-post-elm post_date usg_post_date_1 entry-date published\" datetime=\"2023-04-28T08:40:44+02:00\">28. abril, 2023<\/time><div class=\"w-text usg_text_1 has_text_color no_text icon_atleft\"><span class=\"w-text-h\"><i class=\"material-icons\">east<\/i><span class=\"w-text-value\"><\/span><\/span><\/div><\/div><\/div>\t\t<\/div>\r\n\t\t\t<\/article>\r\n\t<article class=\"w-grid-item us_animate_afb size_1x1 post-2285 post type-post status-publish format-standard has-post-thumbnail hentry category-sin-categoria\" data-id=\"2285\" style=\"animation-delay:0.2s\">\r\n\t\t<div class=\"w-grid-item-h\">\r\n\t\t\t\t\t\t<div class=\"w-post-elm post_image usg_post_image_1 nyhets-grid-image stretched\"><a href=\"https:\/\/maskon.no\/es\/maskon-pionero-una-vez-mas\/\" aria-label=\"Maskon pionero una vez m\u00e1s\"><img loading=\"lazy\" decoding=\"async\" width=\"1024\" height=\"683\" src=\"https:\/\/maskon.no\/wp-content\/uploads\/2023\/04\/Maskon_Web_FossbakkFoto-27-1024x683.jpg\" class=\"attachment-large size-large wp-post-image\" alt=\"\" srcset=\"https:\/\/maskon.no\/wp-content\/uploads\/2023\/04\/Maskon_Web_FossbakkFoto-27-1024x683.jpg 1024w, https:\/\/maskon.no\/wp-content\/uploads\/2023\/04\/Maskon_Web_FossbakkFoto-27-scaled-200x133.jpg 200w, https:\/\/maskon.no\/wp-content\/uploads\/2023\/04\/Maskon_Web_FossbakkFoto-27-300x200.jpg 300w\" sizes=\"auto, (max-width: 1024px) 100vw, 1024px\" \/><\/a><\/div><div class=\"w-vwrapper usg_vwrapper_1 nyhets-grid-text-outer align_none valign_bottom\"><h5 class=\"w-post-elm post_title usg_post_title_1 has_text_color entry-title color_link_inherit\"><a href=\"https:\/\/maskon.no\/es\/maskon-pionero-una-vez-mas\/\">Maskon pionero una vez m\u00e1s<\/a><\/h5><div class=\"w-hwrapper usg_hwrapper_1 align_justify valign_bottom wrap\" style=\"--hwrapper-gap:1.20rem\"><time class=\"w-post-elm post_date usg_post_date_1 entry-date published\" datetime=\"2023-04-25T08:24:53+02:00\">25. abril, 2023<\/time><div class=\"w-text usg_text_1 has_text_color no_text icon_atleft\"><span class=\"w-text-h\"><i class=\"material-icons\">east<\/i><span class=\"w-text-value\"><\/span><\/span><\/div><\/div><\/div>\t\t<\/div>\r\n\t\t\t<\/article>\r\n\t<article class=\"w-grid-item us_animate_afb size_1x1 post-2288 post type-post status-publish format-standard has-post-thumbnail hentry category-sin-categoria\" data-id=\"2288\" style=\"animation-delay:0.3s\">\r\n\t\t<div class=\"w-grid-item-h\">\r\n\t\t\t\t\t\t<div class=\"w-post-elm post_image usg_post_image_1 nyhets-grid-image stretched\"><a href=\"https:\/\/maskon.no\/es\/nueva-y-suave-bomba-para-peces-de-maskon\/\" aria-label=\"Nueva y suave bomba para peces de Maskon\"><img loading=\"lazy\" decoding=\"async\" width=\"1024\" height=\"524\" src=\"https:\/\/maskon.no\/wp-content\/uploads\/2023\/04\/KS360211130.13-1-\u2013-stort-1024x524.jpeg\" class=\"attachment-large size-large wp-post-image\" alt=\"\" srcset=\"https:\/\/maskon.no\/wp-content\/uploads\/2023\/04\/KS360211130.13-1-\u2013-stort-1024x524.jpeg 1024w, https:\/\/maskon.no\/wp-content\/uploads\/2023\/04\/KS360211130.13-1-\u2013-stort-200x102.jpeg 200w, https:\/\/maskon.no\/wp-content\/uploads\/2023\/04\/KS360211130.13-1-\u2013-stort-300x154.jpeg 300w, https:\/\/maskon.no\/wp-content\/uploads\/2023\/04\/KS360211130.13-1-\u2013-stort.jpeg 1280w\" sizes=\"auto, (max-width: 1024px) 100vw, 1024px\" \/><\/a><\/div><div class=\"w-vwrapper usg_vwrapper_1 nyhets-grid-text-outer align_none valign_bottom\"><h5 class=\"w-post-elm post_title usg_post_title_1 has_text_color entry-title color_link_inherit\"><a href=\"https:\/\/maskon.no\/es\/nueva-y-suave-bomba-para-peces-de-maskon\/\">Nueva y suave bomba para peces de Maskon<\/a><\/h5><div class=\"w-hwrapper usg_hwrapper_1 align_justify valign_bottom wrap\" style=\"--hwrapper-gap:1.20rem\"><time class=\"w-post-elm post_date usg_post_date_1 entry-date published\" datetime=\"2023-04-24T10:53:49+02:00\">24. abril, 2023<\/time><div class=\"w-text usg_text_1 has_text_color no_text icon_atleft\"><span class=\"w-text-h\"><i class=\"material-icons\">east<\/i><span class=\"w-text-value\"><\/span><\/span><\/div><\/div><\/div>\t\t<\/div>\r\n\t\t\t<\/article>\r\n<\/div>\t<div class=\"w-grid-preloader\">\r\n\t\t<div class=\"g-preloader type_1\">\r\n\t\t\t<div><\/div>\r\n\t\t<\/div>\r\n\t<\/div>\r\n\t\t<div class=\"w-grid-json hidden\" onclick='return {&quot;action&quot;:&quot;us_ajax_grid&quot;,&quot;infinite_scroll&quot;:0,&quot;max_num_pages&quot;:1,&quot;pagination&quot;:&quot;none&quot;,&quot;template_vars&quot;:{&quot;columns&quot;:&quot;3&quot;,&quot;exclude_items&quot;:&quot;prev&quot;,&quot;img_size&quot;:&quot;default&quot;,&quot;ignore_items_size&quot;:0,&quot;items_layout&quot;:&quot;232&quot;,&quot;items_offset&quot;:&quot;1&quot;,&quot;load_animation&quot;:&quot;afb&quot;,&quot;overriding_link&quot;:&quot;{\\&quot;url\\&quot;:\\&quot;\\&quot;}&quot;,&quot;post_id&quot;:0,&quot;query_args&quot;:{&quot;post_type&quot;:[&quot;post&quot;],&quot;post_status&quot;:[&quot;publish&quot;,&quot;acf-disabled&quot;],&quot;post__not_in&quot;:[2738],&quot;posts_per_page&quot;:&quot;9&quot;},&quot;orderby_query_args&quot;:{&quot;orderby&quot;:{&quot;date&quot;:&quot;DESC&quot;}},&quot;type&quot;:&quot;grid&quot;,&quot;us_grid_post_type&quot;:&quot;post&quot;,&quot;us_grid_ajax_index&quot;:2,&quot;us_grid_filter_query_string&quot;:null,&quot;us_grid_index&quot;:2,&quot;page_args&quot;:[],&quot;lang&quot;:&quot;es&quot;}}'><\/div>\r\n\t<\/div><\/div><\/div><\/div><\/div><\/div><\/section>\n","protected":false},"excerpt":{"rendered":"La nueva bomba para peces de Mason garantiza un transporte suave y totalmente autom\u00e1tico de los peces vivos. El sistema de bomba para peces de Makon garantiza un suministro constante de peces. La automatizaci\u00f3n regula la adici\u00f3n de agua para que la pecera no se inunde. \u00bfC\u00f3mo funciona?\u2022 La bomba garantiza autom\u00e1ticamente una velocidad de...","protected":false},"author":1,"featured_media":0,"parent":0,"menu_order":0,"comment_status":"closed","ping_status":"closed","template":"","meta":{"_acf_changed":false,"footnotes":""},"class_list":["post-2158","page","type-page","status-publish","hentry"],"acf":[],"yoast_head":"<!-- This site is optimized with the Yoast SEO plugin v27.1.1 - https:\/\/yoast.com\/product\/yoast-seo-wordpress\/ -->\n<title>De actualidad - Maskon<\/title>\n<meta name=\"robots\" content=\"index, follow, max-snippet:-1, max-image-preview:large, max-video-preview:-1\" \/>\n<link rel=\"canonical\" href=\"https:\/\/maskon.no\/aktuelt\/\" \/>\n<meta property=\"og:locale\" content=\"es_ES\" \/>\n<meta property=\"og:type\" content=\"article\" \/>\n<meta property=\"og:title\" content=\"De actualidad - Maskon\" \/>\n<meta property=\"og:url\" content=\"https:\/\/maskon.no\/aktuelt\/\" \/>\n<meta property=\"og:site_name\" content=\"Maskon\" \/>\n<meta property=\"article:modified_time\" content=\"2025-06-11T11:38:37+00:00\" \/>\n<meta name=\"twitter:label1\" content=\"Tiempo de lectura\" \/>\n\t<meta name=\"twitter:data1\" content=\"1 minuto\" \/>\n<script type=\"application\/ld+json\" class=\"yoast-schema-graph\">{\"@context\":\"https:\/\/schema.org\",\"@graph\":[{\"@type\":\"WebPage\",\"@id\":\"https:\/\/maskon.no\/aktuelt\/\",\"url\":\"https:\/\/maskon.no\/aktuelt\/\",\"name\":\"De actualidad - Maskon\",\"isPartOf\":{\"@id\":\"https:\/\/maskon.no\/#website\"},\"datePublished\":\"2023-04-24T08:49:19+00:00\",\"dateModified\":\"2025-06-11T11:38:37+00:00\",\"breadcrumb\":{\"@id\":\"https:\/\/maskon.no\/aktuelt\/#breadcrumb\"},\"inLanguage\":\"es\",\"potentialAction\":[{\"@type\":\"ReadAction\",\"target\":[\"https:\/\/maskon.no\/aktuelt\/\"]}]},{\"@type\":\"BreadcrumbList\",\"@id\":\"https:\/\/maskon.no\/aktuelt\/#breadcrumb\",\"itemListElement\":[{\"@type\":\"ListItem\",\"position\":1,\"name\":\"Inicio\",\"item\":\"https:\/\/maskon.no\/es\/\"},{\"@type\":\"ListItem\",\"position\":2,\"name\":\"De actualidad\"}]},{\"@type\":\"WebSite\",\"@id\":\"https:\/\/maskon.no\/#website\",\"url\":\"https:\/\/maskon.no\/\",\"name\":\"Maskon\",\"description\":\"Effektiviserer og kvalitetssikrer\",\"publisher\":{\"@id\":\"https:\/\/maskon.no\/#organization\"},\"potentialAction\":[{\"@type\":\"SearchAction\",\"target\":{\"@type\":\"EntryPoint\",\"urlTemplate\":\"https:\/\/maskon.no\/?s={search_term_string}\"},\"query-input\":{\"@type\":\"PropertyValueSpecification\",\"valueRequired\":true,\"valueName\":\"search_term_string\"}}],\"inLanguage\":\"es\"},{\"@type\":\"Organization\",\"@id\":\"https:\/\/maskon.no\/#organization\",\"name\":\"Maskon\",\"url\":\"https:\/\/maskon.no\/\",\"logo\":{\"@type\":\"ImageObject\",\"inLanguage\":\"es\",\"@id\":\"https:\/\/maskon.no\/#\/schema\/logo\/image\/\",\"url\":\"https:\/\/maskon.no\/wp-content\/uploads\/2023\/03\/maskon_logo_color.svg\",\"contentUrl\":\"https:\/\/maskon.no\/wp-content\/uploads\/2023\/03\/maskon_logo_color.svg\",\"width\":1500,\"height\":500,\"caption\":\"Maskon\"},\"image\":{\"@id\":\"https:\/\/maskon.no\/#\/schema\/logo\/image\/\"}}]}<\/script>\n<!-- \/ Yoast SEO plugin. -->","yoast_head_json":{"title":"De actualidad - Maskon","robots":{"index":"index","follow":"follow","max-snippet":"max-snippet:-1","max-image-preview":"max-image-preview:large","max-video-preview":"max-video-preview:-1"},"canonical":"https:\/\/maskon.no\/aktuelt\/","og_locale":"es_ES","og_type":"article","og_title":"De actualidad - Maskon","og_url":"https:\/\/maskon.no\/aktuelt\/","og_site_name":"Maskon","article_modified_time":"2025-06-11T11:38:37+00:00","twitter_misc":{"Tiempo de lectura":"1 minuto"},"schema":{"@context":"https:\/\/schema.org","@graph":[{"@type":"WebPage","@id":"https:\/\/maskon.no\/aktuelt\/","url":"https:\/\/maskon.no\/aktuelt\/","name":"De actualidad - Maskon","isPartOf":{"@id":"https:\/\/maskon.no\/#website"},"datePublished":"2023-04-24T08:49:19+00:00","dateModified":"2025-06-11T11:38:37+00:00","breadcrumb":{"@id":"https:\/\/maskon.no\/aktuelt\/#breadcrumb"},"inLanguage":"es","potentialAction":[{"@type":"ReadAction","target":["https:\/\/maskon.no\/aktuelt\/"]}]},{"@type":"BreadcrumbList","@id":"https:\/\/maskon.no\/aktuelt\/#breadcrumb","itemListElement":[{"@type":"ListItem","position":1,"name":"Inicio","item":"https:\/\/maskon.no\/es\/"},{"@type":"ListItem","position":2,"name":"De actualidad"}]},{"@type":"WebSite","@id":"https:\/\/maskon.no\/#website","url":"https:\/\/maskon.no\/","name":"Maskon","description":"Effektiviserer og kvalitetssikrer","publisher":{"@id":"https:\/\/maskon.no\/#organization"},"potentialAction":[{"@type":"SearchAction","target":{"@type":"EntryPoint","urlTemplate":"https:\/\/maskon.no\/?s={search_term_string}"},"query-input":{"@type":"PropertyValueSpecification","valueRequired":true,"valueName":"search_term_string"}}],"inLanguage":"es"},{"@type":"Organization","@id":"https:\/\/maskon.no\/#organization","name":"Maskon","url":"https:\/\/maskon.no\/","logo":{"@type":"ImageObject","inLanguage":"es","@id":"https:\/\/maskon.no\/#\/schema\/logo\/image\/","url":"https:\/\/maskon.no\/wp-content\/uploads\/2023\/03\/maskon_logo_color.svg","contentUrl":"https:\/\/maskon.no\/wp-content\/uploads\/2023\/03\/maskon_logo_color.svg","width":1500,"height":500,"caption":"Maskon"},"image":{"@id":"https:\/\/maskon.no\/#\/schema\/logo\/image\/"}}]}},"jetpack_sharing_enabled":true,"_links":{"self":[{"href":"https:\/\/maskon.no\/es\/wp-json\/wp\/v2\/pages\/2158","targetHints":{"allow":["GET"]}}],"collection":[{"href":"https:\/\/maskon.no\/es\/wp-json\/wp\/v2\/pages"}],"about":[{"href":"https:\/\/maskon.no\/es\/wp-json\/wp\/v2\/types\/page"}],"author":[{"embeddable":true,"href":"https:\/\/maskon.no\/es\/wp-json\/wp\/v2\/users\/1"}],"replies":[{"embeddable":true,"href":"https:\/\/maskon.no\/es\/wp-json\/wp\/v2\/comments?post=2158"}],"version-history":[{"count":5,"href":"https:\/\/maskon.no\/es\/wp-json\/wp\/v2\/pages\/2158\/revisions"}],"predecessor-version":[{"id":2184,"href":"https:\/\/maskon.no\/es\/wp-json\/wp\/v2\/pages\/2158\/revisions\/2184"}],"wp:attachment":[{"href":"https:\/\/maskon.no\/es\/wp-json\/wp\/v2\/media?parent=2158"}],"curies":[{"name":"wp","href":"https:\/\/api.w.org\/{rel}","templated":true}]}}